{"id":45,"date":"2025-04-25T21:13:48","date_gmt":"2025-04-25T21:13:48","guid":{"rendered":"https:\/\/avioperu.com\/?page_id=45"},"modified":"2025-05-02T02:26:14","modified_gmt":"2025-05-02T07:26:14","slug":"contacto","status":"publish","type":"page","link":"https:\/\/avioperu.com\/en\/avio-chile\/contacto\/","title":{"rendered":"Contact"},"content":{"rendered":"<div data-elementor-type=\"wp-page\" data-elementor-id=\"45\" class=\"elementor elementor-45\" data-elementor-post-type=\"page\">\n\t\t\t\t<div class=\"elementor-element elementor-element-744b640 e-flex e-con-boxed elementor-invisible e-con e-parent\" data-id=\"744b640\" data-element_type=\"container\" data-settings=\"{&quot;background_background&quot;:&quot;classic&quot;,&quot;animation&quot;:&quot;fadeIn&quot;}\">\n\t\t\t\t\t<div class=\"e-con-inner\">\n\t\t<div class=\"elementor-element elementor-element-73f8d79 e-con-full e-flex e-con e-child\" data-id=\"73f8d79\" data-element_type=\"container\" data-settings=\"{&quot;background_background&quot;:&quot;classic&quot;}\">\n\t\t<div class=\"elementor-element elementor-element-25612a4 e-con-full e-flex e-con e-child\" data-id=\"25612a4\" data-element_type=\"container\">\n\t\t\t\t<div class=\"elementor-element elementor-element-ddb6431 elementor-widget__width-initial elementor-widget elementor-widget-heading\" data-id=\"ddb6431\" data-element_type=\"widget\" data-widget_type=\"heading.default\">\n\t\t\t\t<div class=\"elementor-widget-container\">\n\t\t\t\t\t<h2 class=\"elementor-heading-title elementor-size-default\">Contact us<\/h2>\t\t\t\t<\/div>\n\t\t\t\t<\/div>\n\t\t\t\t<\/div>\n\t\t\t\t<\/div>\n\t\t\t\t\t<\/div>\n\t\t\t\t<\/div>\n\t\t<div class=\"elementor-element elementor-element-fbd64e8 e-flex e-con-boxed elementor-invisible e-con e-parent\" data-id=\"fbd64e8\" data-element_type=\"container\" data-settings=\"{&quot;background_background&quot;:&quot;classic&quot;,&quot;animation&quot;:&quot;fadeIn&quot;}\">\n\t\t\t\t\t<div class=\"e-con-inner\">\n\t\t<div class=\"elementor-element elementor-element-2a64c76 e-con-full e-flex e-con e-child\" data-id=\"2a64c76\" data-element_type=\"container\" data-settings=\"{&quot;background_background&quot;:&quot;classic&quot;}\">\n\t\t<div class=\"elementor-element elementor-element-07d7a1a e-con-full e-flex e-con e-child\" data-id=\"07d7a1a\" data-element_type=\"container\">\n\t\t<div class=\"elementor-element elementor-element-0d6f944 e-con-full e-flex e-con e-child\" data-id=\"0d6f944\" data-element_type=\"container\">\n\t\t<div class=\"elementor-element elementor-element-34ce8a7 e-con-full e-flex e-con e-child\" data-id=\"34ce8a7\" data-element_type=\"container\">\n\t\t\t\t<div class=\"elementor-element elementor-element-b897350 elementor-icon-list--layout-traditional elementor-list-item-link-full_width elementor-widget elementor-widget-icon-list\" data-id=\"b897350\" data-element_type=\"widget\" data-widget_type=\"icon-list.default\">\n\t\t\t\t<div class=\"elementor-widget-container\">\n\t\t\t\t\t\t\t<ul class=\"elementor-icon-list-items\">\n\t\t\t\t\t\t\t<li class=\"elementor-icon-list-item\">\n\t\t\t\t\t\t\t\t\t\t\t<span class=\"elementor-icon-list-icon\">\n\t\t\t\t\t\t\t<svg aria-hidden=\"true\" class=\"e-font-icon-svg e-fas-grip-horizontal\" viewbox=\"0 0 448 512\" xmlns=\"http:\/\/www.w3.org\/2000\/svg\"><path d=\"M96 288H32c-17.67 0-32 14.33-32 32v64c0 17.67 14.33 32 32 32h64c17.67 0 32-14.33 32-32v-64c0-17.67-14.33-32-32-32zm160 0h-64c-17.67 0-32 14.33-32 32v64c0 17.67 14.33 32 32 32h64c17.67 0 32-14.33 32-32v-64c0-17.67-14.33-32-32-32zm160 0h-64c-17.67 0-32 14.33-32 32v64c0 17.67 14.33 32 32 32h64c17.67 0 32-14.33 32-32v-64c0-17.67-14.33-32-32-32zM96 96H32c-17.67 0-32 14.33-32 32v64c0 17.67 14.33 32 32 32h64c17.67 0 32-14.33 32-32v-64c0-17.67-14.33-32-32-32zm160 0h-64c-17.67 0-32 14.33-32 32v64c0 17.67 14.33 32 32 32h64c17.67 0 32-14.33 32-32v-64c0-17.67-14.33-32-32-32zm160 0h-64c-17.67 0-32 14.33-32 32v64c0 17.67 14.33 32 32 32h64c17.67 0 32-14.33 32-32v-64c0-17.67-14.33-32-32-32z\"><\/path><\/svg>\t\t\t\t\t\t<\/span>\n\t\t\t\t\t\t\t\t\t\t<span class=\"elementor-icon-list-text\">Tu confianza despega aqu\u00ed<\/span>\n\t\t\t\t\t\t\t\t\t<\/li>\n\t\t\t\t\t\t<\/ul>\n\t\t\t\t\t\t<\/div>\n\t\t\t\t<\/div>\n\t\t\t\t<div class=\"elementor-element elementor-element-7f75cde elementor-widget elementor-widget-heading\" data-id=\"7f75cde\" data-element_type=\"widget\" data-widget_type=\"heading.default\">\n\t\t\t\t<div class=\"elementor-widget-container\">\n\t\t\t\t\t<h2 class=\"elementor-heading-title elementor-size-default\">Escr\u00edbenos<\/h2>\t\t\t\t<\/div>\n\t\t\t\t<\/div>\n\t\t\t\t<div class=\"elementor-element elementor-element-740e636 elementor-widget-divider--view-line elementor-widget elementor-widget-divider\" data-id=\"740e636\" data-element_type=\"widget\" data-widget_type=\"divider.default\">\n\t\t\t\t<div class=\"elementor-widget-container\">\n\t\t\t\t\t\t\t<div class=\"elementor-divider\">\n\t\t\t<span class=\"elementor-divider-separator\">\n\t\t\t\t\t\t<\/span>\n\t\t<\/div>\n\t\t\t\t\t\t<\/div>\n\t\t\t\t<\/div>\n\t\t\t\t<div class=\"elementor-element elementor-element-fce163e elementor-widget__width-initial elementor-widget elementor-widget-text-editor\" data-id=\"fce163e\" data-element_type=\"widget\" data-widget_type=\"text-editor.default\">\n\t\t\t\t<div class=\"elementor-widget-container\">\n\t\t\t\t\t\t\t\t\t<p>Completa el formulario para recibir toda la informaci\u00f3n que necesites.<\/p>\t\t\t\t\t\t\t\t<\/div>\n\t\t\t\t<\/div>\n\t\t<div class=\"elementor-element elementor-element-8963a80 e-con-full e-flex e-con e-child\" data-id=\"8963a80\" data-element_type=\"container\">\n\t\t<div class=\"elementor-element elementor-element-953723c e-con-full e-flex e-con e-child\" data-id=\"953723c\" data-element_type=\"container\">\n\t\t\t\t<div class=\"elementor-element elementor-element-6fd2ece elementor-widget elementor-widget-heading\" data-id=\"6fd2ece\" data-element_type=\"widget\" data-widget_type=\"heading.default\">\n\t\t\t\t<div class=\"elementor-widget-container\">\n\t\t\t\t\t<h2 class=\"elementor-heading-title elementor-size-default\">Contact us<\/h2>\t\t\t\t<\/div>\n\t\t\t\t<\/div>\n\t\t\t\t<div class=\"elementor-element elementor-element-086647e elementor-icon-list--layout-traditional elementor-list-item-link-full_width elementor-widget elementor-widget-icon-list\" data-id=\"086647e\" data-element_type=\"widget\" data-widget_type=\"icon-list.default\">\n\t\t\t\t<div class=\"elementor-widget-container\">\n\t\t\t\t\t\t\t<ul class=\"elementor-icon-list-items\">\n\t\t\t\t\t\t\t<li class=\"elementor-icon-list-item\">\n\t\t\t\t\t\t\t\t\t\t\t<a href=\"mailto:contacto@avioperu.com\">\n\n\t\t\t\t\t\t\t\t\t\t\t\t<span class=\"elementor-icon-list-icon\">\n\t\t\t\t\t\t\t<svg aria-hidden=\"true\" class=\"e-font-icon-svg e-far-envelope\" viewbox=\"0 0 512 512\" xmlns=\"http:\/\/www.w3.org\/2000\/svg\"><path d=\"M464 64H48C21.49 64 0 85.49 0 112v288c0 26.51 21.49 48 48 48h416c26.51 0 48-21.49 48-48V112c0-26.51-21.49-48-48-48zm0 48v40.805c-22.422 18.259-58.168 46.651-134.587 106.49-16.841 13.247-50.201 45.072-73.413 44.701-23.208.375-56.579-31.459-73.413-44.701C106.18 199.465 70.425 171.067 48 152.805V112h416zM48 400V214.398c22.914 18.251 55.409 43.862 104.938 82.646 21.857 17.205 60.134 55.186 103.062 54.955 42.717.231 80.509-37.199 103.053-54.947 49.528-38.783 82.032-64.401 104.947-82.653V400H48z\"><\/path><\/svg>\t\t\t\t\t\t<\/span>\n\t\t\t\t\t\t\t\t\t\t<span class=\"elementor-icon-list-text\">contacto@avioperu.com<\/span>\n\t\t\t\t\t\t\t\t\t\t\t<\/a>\n\t\t\t\t\t\t\t\t\t<\/li>\n\t\t\t\t\t\t<\/ul>\n\t\t\t\t\t\t<\/div>\n\t\t\t\t<\/div>\n\t\t\t\t<\/div>\n\t\t\t\t<\/div>\n\t\t\t\t<\/div>\n\t\t<div class=\"elementor-element elementor-element-2fabac6 e-con-full e-flex e-con e-child\" data-id=\"2fabac6\" data-element_type=\"container\">\n\t\t<div class=\"elementor-element elementor-element-333321b e-con-full e-flex e-con e-child\" data-id=\"333321b\" data-element_type=\"container\" data-settings=\"{&quot;background_background&quot;:&quot;classic&quot;}\">\n\t\t\t\t<div class=\"elementor-element elementor-element-1799f01 elementor-icon-list--layout-traditional elementor-list-item-link-full_width elementor-widget elementor-widget-icon-list\" data-id=\"1799f01\" data-element_type=\"widget\" data-widget_type=\"icon-list.default\">\n\t\t\t\t<div class=\"elementor-widget-container\">\n\t\t\t\t\t\t\t<ul class=\"elementor-icon-list-items\">\n\t\t\t\t\t\t\t<li class=\"elementor-icon-list-item\">\n\t\t\t\t\t\t\t\t\t\t<span class=\"elementor-icon-list-text\">We are here to help you!<\/span>\n\t\t\t\t\t\t\t\t\t<\/li>\n\t\t\t\t\t\t<\/ul>\n\t\t\t\t\t\t<\/div>\n\t\t\t\t<\/div>\n\t\t\t\t<div class=\"elementor-element elementor-element-783922b elementor-widget elementor-widget-heading\" data-id=\"783922b\" data-element_type=\"widget\" data-widget_type=\"heading.default\">\n\t\t\t\t<div class=\"elementor-widget-container\">\n\t\t\t\t\t<h2 class=\"elementor-heading-title elementor-size-default\">Env\u00edanos un Mensaje<\/h2>\t\t\t\t<\/div>\n\t\t\t\t<\/div>\n\t\t\t\t<div class=\"elementor-element elementor-element-be634ba elementor-widget-divider--view-line elementor-widget elementor-widget-divider\" data-id=\"be634ba\" data-element_type=\"widget\" data-widget_type=\"divider.default\">\n\t\t\t\t<div class=\"elementor-widget-container\">\n\t\t\t\t\t\t\t<div class=\"elementor-divider\">\n\t\t\t<span class=\"elementor-divider-separator\">\n\t\t\t\t\t\t<\/span>\n\t\t<\/div>\n\t\t\t\t\t\t<\/div>\n\t\t\t\t<\/div>\n\t\t\t\t<div class=\"elementor-element elementor-element-b2a96ae elementor-widget__width-initial elementor-widget elementor-widget-text-editor\" data-id=\"b2a96ae\" data-element_type=\"widget\" data-widget_type=\"text-editor.default\">\n\t\t\t\t<div class=\"elementor-widget-container\">\n\t\t\t\t\t\t\t\t\t<p>Ingresa tu datos y nos pondremos en contacto en breve con toda la informaci\u00f3n que requieras.<\/p>\t\t\t\t\t\t\t\t<\/div>\n\t\t\t\t<\/div>\n\t\t\t\t<div class=\"elementor-element elementor-element-4132049 elementor-button-align-stretch elementor-widget elementor-widget-form\" data-id=\"4132049\" data-element_type=\"widget\" data-settings=\"{&quot;step_next_label&quot;:&quot;Next&quot;,&quot;step_previous_label&quot;:&quot;Previous&quot;,&quot;button_width&quot;:&quot;100&quot;,&quot;step_type&quot;:&quot;number_text&quot;,&quot;step_icon_shape&quot;:&quot;circle&quot;}\" data-widget_type=\"form.default\">\n\t\t\t\t<div class=\"elementor-widget-container\">\n\t\t\t\t\t\t\t<form class=\"elementor-form\" method=\"post\" id=\"contacto_contacto_chile\" name=\"Formulario Contacto Chile\" action=\"\">\n\t\t\t<input type=\"hidden\" name=\"post_id\" value=\"45\"\/>\n\t\t\t<input type=\"hidden\" name=\"form_id\" value=\"4132049\"\/>\n\t\t\t<input type=\"hidden\" name=\"referer_title\" value=\"Contacto - Avio Per\u00fa\" \/>\n\n\t\t\t\t\t\t\t<input type=\"hidden\" name=\"queried_id\" value=\"45\"\/>\n\t\t\t\n\t\t\t<div class=\"elementor-form-fields-wrapper elementor-labels-\">\n\t\t\t\t\t\t\t\t<div class=\"elementor-field-type-text elementor-field-group elementor-column elementor-field-group-nombres elementor-col-100 elementor-field-required\">\n\t\t\t\t\t\t\t\t\t\t\t\t<label for=\"form-field-nombres\" class=\"elementor-field-label elementor-screen-only\">\n\t\t\t\t\t\t\t\tName and Surname\t\t\t\t\t\t\t<\/label>\n\t\t\t\t\t\t\t\t\t\t\t\t\t\t<input size=\"1\" type=\"text\" name=\"form_fields[nombres]\" id=\"form-field-nombres\" class=\"elementor-field elementor-size-sm  elementor-field-textual\" placeholder=\"Name and Surname\" required=\"required\">\n\t\t\t\t\t\t\t\t\t\t\t<\/div>\n\t\t\t\t\t\t\t\t<div class=\"elementor-field-type-text elementor-field-group elementor-column elementor-field-group-empresa elementor-col-100 elementor-field-required\">\n\t\t\t\t\t\t\t\t\t\t\t\t<label for=\"form-field-empresa\" class=\"elementor-field-label elementor-screen-only\">\n\t\t\t\t\t\t\t\tCompany\t\t\t\t\t\t\t<\/label>\n\t\t\t\t\t\t\t\t\t\t\t\t\t\t<input size=\"1\" type=\"text\" name=\"form_fields[empresa]\" id=\"form-field-empresa\" class=\"elementor-field elementor-size-sm  elementor-field-textual\" placeholder=\"Company\" required=\"required\">\n\t\t\t\t\t\t\t\t\t\t\t<\/div>\n\t\t\t\t\t\t\t\t<div class=\"elementor-field-type-email elementor-field-group elementor-column elementor-field-group-email elementor-col-100 elementor-field-required\">\n\t\t\t\t\t\t\t\t\t\t\t\t<label for=\"form-field-email\" class=\"elementor-field-label elementor-screen-only\">\n\t\t\t\t\t\t\t\tEmail\t\t\t\t\t\t\t<\/label>\n\t\t\t\t\t\t\t\t\t\t\t\t\t\t<input size=\"1\" type=\"email\" name=\"form_fields[email]\" id=\"form-field-email\" class=\"elementor-field elementor-size-sm  elementor-field-textual\" placeholder=\"Email\" required=\"required\">\n\t\t\t\t\t\t\t\t\t\t\t<\/div>\n\t\t\t\t\t\t\t\t<div class=\"elementor-field-type-text elementor-field-group elementor-column elementor-field-group-paiscontacto elementor-col-100 elementor-field-required\">\n\t\t\t\t\t\t\t\t\t\t\t\t<label for=\"form-field-paiscontacto\" class=\"elementor-field-label elementor-screen-only\">\n\t\t\t\t\t\t\t\tContact country\t\t\t\t\t\t\t<\/label>\n\t\t\t\t\t\t\t\t\t\t\t\t\t\t<input size=\"1\" type=\"text\" name=\"form_fields[paiscontacto]\" id=\"form-field-paiscontacto\" class=\"elementor-field elementor-size-sm  elementor-field-textual\" placeholder=\"Contact country\" required=\"required\">\n\t\t\t\t\t\t\t\t\t\t\t<\/div>\n\t\t\t\t\t\t\t\t<div class=\"elementor-field-type-tel elementor-field-group elementor-column elementor-field-group-telefono elementor-col-100 elementor-field-required\">\n\t\t\t\t\t\t\t\t\t\t\t\t<label for=\"form-field-telefono\" class=\"elementor-field-label elementor-screen-only\">\n\t\t\t\t\t\t\t\tPhone\t\t\t\t\t\t\t<\/label>\n\t\t\t\t\t\t\t\t<input size=\"1\" type=\"tel\" name=\"form_fields[telefono]\" id=\"form-field-telefono\" class=\"elementor-field elementor-size-sm  elementor-field-textual\" placeholder=\"Phone\" required=\"required\" pattern=\"[0-9()#&amp;+*-=.]+\" title=\"Only numbers and phone characters (#, -, *, etc) are accepted.\" data-no-translation-title=\"\">\n\n\t\t\t\t\t\t<\/div>\n\t\t\t\t\t\t\t\t<div class=\"elementor-field-type-html elementor-field-group elementor-column elementor-field-group-field_4d4957e elementor-col-100\">\n\t\t\t\t\tService of interest\t\t\t\t<\/div>\n\t\t\t\t\t\t\t\t<div class=\"elementor-field-type-select elementor-field-group elementor-column elementor-field-group-tiposervicio elementor-col-100 elementor-field-required\">\n\t\t\t\t\t\t\t\t\t\t\t\t<label for=\"form-field-tiposervicio\" class=\"elementor-field-label elementor-screen-only\">\n\t\t\t\t\t\t\t\tServicio de interes\t\t\t\t\t\t\t<\/label>\n\t\t\t\t\t\t\t\t<div class=\"elementor-field elementor-select-wrapper remove-before\">\n\t\t\t<div class=\"select-caret-down-wrapper\">\n\t\t\t\t<svg aria-hidden=\"true\" class=\"e-font-icon-svg e-eicon-caret-down\" viewbox=\"0 0 571.4 571.4\" xmlns=\"http:\/\/www.w3.org\/2000\/svg\"><path d=\"M571 393Q571 407 561 418L311 668Q300 679 286 679T261 668L11 418Q0 407 0 393T11 368 36 357H536Q550 357 561 368T571 393Z\"><\/path><\/svg>\t\t\t<\/div>\n\t\t\t<select name=\"form_fields[tiposervicio]\" id=\"form-field-tiposervicio\" class=\"elementor-field-textual elementor-size-sm\" required=\"required\">\n\t\t\t\t\t\t\t\t\t<option value=\"Mantenimiento Aeron\u00e1utico\">Aircraft Maintenance<\/option>\n\t\t\t\t\t\t\t\t\t<option value=\"Dep\u00f3sito Franco Aeron\u00e1utico\">Aeronautical Free Warehouse<\/option>\n\t\t\t\t\t\t\t\t\t<option value=\"Otros Servicios\">Otros Servicios<\/option>\n\t\t\t\t\t\t\t<\/select>\n\t\t<\/div>\n\t\t\t\t\t\t<\/div>\n\t\t\t\t\t\t\t\t<div class=\"elementor-field-type-textarea elementor-field-group elementor-column elementor-field-group-mensaje elementor-col-100 elementor-field-required\">\n\t\t\t\t\t\t\t\t\t\t\t\t<label for=\"form-field-mensaje\" class=\"elementor-field-label elementor-screen-only\">\n\t\t\t\t\t\t\t\tMensaje\t\t\t\t\t\t\t<\/label>\n\t\t\t\t\t\t<textarea class=\"elementor-field-textual elementor-field  elementor-size-sm\" name=\"form_fields[mensaje]\" id=\"form-field-mensaje\" rows=\"4\" placeholder=\"Write your message\" required=\"required\"><\/textarea>\t\t\t\t<\/div>\n\t\t\t\t\t\t\t\t<div class=\"elementor-field-type-acceptance elementor-field-group elementor-column elementor-field-group-field_b2d17af elementor-col-100 elementor-field-required\">\n\t\t\t\t\t\t\t\t\t\t\t\t<label for=\"form-field-field_b2d17af\" class=\"elementor-field-label elementor-screen-only\">\n\t\t\t\t\t\t\t\tAcepto las pol\u00edticas de privacidad \t\t\t\t\t\t\t<\/label>\n\t\t\t\t\t\t\t\t<div class=\"elementor-field-subgroup\">\n\t\t\t<span class=\"elementor-field-option\">\n\t\t\t\t<input type=\"checkbox\" name=\"form_fields[field_b2d17af]\" id=\"form-field-field_b2d17af\" class=\"elementor-field elementor-size-sm  elementor-acceptance-field\" required=\"required\">\n\t\t\t\t<label for=\"form-field-field_b2d17af\">I accept the privacy policies published on this website.<\/label>\t\t\t<\/span>\n\t\t<\/div>\n\t\t\t\t\t\t<\/div>\n\t\t\t\t\t\t\t\t<div class=\"elementor-field-group elementor-column elementor-field-type-submit elementor-col-100 e-form__buttons\">\n\t\t\t\t\t<button class=\"elementor-button elementor-size-sm\" type=\"submit\">\n\t\t\t\t\t\t<span class=\"elementor-button-content-wrapper\">\n\t\t\t\t\t\t\t\t\t\t\t\t\t\t\t<span class=\"elementor-button-icon\">\n\t\t\t\t\t\t\t\t\t<svg aria-hidden=\"true\" class=\"e-font-icon-svg e-far-paper-plane\" viewbox=\"0 0 512 512\" xmlns=\"http:\/\/www.w3.org\/2000\/svg\"><path d=\"M440 6.5L24 246.4c-34.4 19.9-31.1 70.8 5.7 85.9L144 379.6V464c0 46.4 59.2 65.5 86.6 28.6l43.8-59.1 111.9 46.2c5.9 2.4 12.1 3.6 18.3 3.6 8.2 0 16.3-2.1 23.6-6.2 12.8-7.2 21.6-20 23.9-34.5l59.4-387.2c6.1-40.1-36.9-68.8-71.5-48.9zM192 464v-64.6l36.6 15.1L192 464zm212.6-28.7l-153.8-63.5L391 169.5c10.7-15.5-9.5-33.5-23.7-21.2L155.8 332.6 48 288 464 48l-59.4 387.3z\"><\/path><\/svg>\t\t\t\t\t\t\t\t\t\t\t\t\t\t\t\t\t<\/span>\n\t\t\t\t\t\t\t\t\t\t\t\t\t\t\t\t\t\t\t\t\t\t<span class=\"elementor-button-text\">Send<\/span>\n\t\t\t\t\t\t\t\t\t\t\t\t\t<\/span>\n\t\t\t\t\t<\/button>\n\t\t\t\t<\/div>\n\t\t\t<\/div>\n\t\t<input type=\"hidden\" name=\"trp-form-language\" value=\"en\"\/><\/form>\n\t\t\t\t\t\t<\/div>\n\t\t\t\t<\/div>\n\t\t\t\t<\/div>\n\t\t\t\t<\/div>\n\t\t\t\t<\/div>\n\t\t\t\t<\/div>\n\t\t\t\t<\/div>\n\t\t\t\t\t<\/div>\n\t\t\t\t<\/div>\n\t\t\t\t<\/div>","protected":false},"excerpt":{"rendered":"<p>Cont\u00e1ctanos Tu confianza despega aqu\u00ed Escr\u00edbenos Completa el formulario para recibir toda la informaci\u00f3n que necesites. Comun\u00edcate con nosotros contacto@avioperu.com \u00a1Estamos para ayudarte! Env\u00edanos un Mensaje Ingresa tu datos y nos pondremos en contacto en breve con toda la informaci\u00f3n que requieras.<\/p>","protected":false},"author":1,"featured_media":0,"parent":31,"menu_order":5,"comment_status":"closed","ping_status":"closed","template":"","meta":{"footnotes":""},"class_list":["post-45","page","type-page","status-publish","hentry"],"acf":[],"yoast_head":"<!-- This site is optimized with the Yoast SEO Premium plugin v20.8 (Yoast SEO v20.8) - https:\/\/yoast.com\/wordpress\/plugins\/seo\/ -->\n<title>Contacto - Avio Per\u00fa<\/title>\n<meta name=\"robots\" content=\"noindex, nofollow\" \/>\n<meta property=\"og:locale\" content=\"en_US\" \/>\n<meta property=\"og:type\" content=\"article\" \/>\n<meta property=\"og:title\" content=\"Contacto\" \/>\n<meta property=\"og:description\" content=\"Cont\u00e1ctanos Tu confianza despega aqu\u00ed Escr\u00edbenos Completa el formulario para recibir toda la informaci\u00f3n que necesites. Comun\u00edcate con nosotros contacto@avioperu.com \u00a1Estamos para ayudarte! Env\u00edanos un Mensaje Ingresa tu datos y nos pondremos en contacto en breve con toda la informaci\u00f3n que requieras.\" \/>\n<meta property=\"og:url\" content=\"https:\/\/avioperu.com\/en\/avio-chile\/contacto\/\" \/>\n<meta property=\"og:site_name\" content=\"Avio Per\u00fa\" \/>\n<meta property=\"article:modified_time\" content=\"2025-05-02T07:26:14+00:00\" \/>\n<meta name=\"twitter:card\" content=\"summary_large_image\" \/>\n<meta name=\"twitter:label1\" content=\"Est. reading time\" \/>\n\t<meta name=\"twitter:data1\" content=\"1 minute\" \/>\n<script type=\"application\/ld+json\" class=\"yoast-schema-graph\">{\"@context\":\"https:\/\/schema.org\",\"@graph\":[{\"@type\":\"WebPage\",\"@id\":\"https:\/\/avioperu.com\/avio-chile\/contacto\/\",\"url\":\"https:\/\/avioperu.com\/avio-chile\/contacto\/\",\"name\":\"Contacto - Avio Per\u00fa\",\"isPartOf\":{\"@id\":\"https:\/\/avioperu.com\/#website\"},\"datePublished\":\"2025-04-25T21:13:48+00:00\",\"dateModified\":\"2025-05-02T07:26:14+00:00\",\"breadcrumb\":{\"@id\":\"https:\/\/avioperu.com\/avio-chile\/contacto\/#breadcrumb\"},\"inLanguage\":\"en-US\",\"potentialAction\":[{\"@type\":\"ReadAction\",\"target\":[\"https:\/\/avioperu.com\/avio-chile\/contacto\/\"]}]},{\"@type\":\"BreadcrumbList\",\"@id\":\"https:\/\/avioperu.com\/avio-chile\/contacto\/#breadcrumb\",\"itemListElement\":[{\"@type\":\"ListItem\",\"position\":1,\"name\":\"Portada\",\"item\":\"https:\/\/avioperu.com\/\"},{\"@type\":\"ListItem\",\"position\":2,\"name\":\"Avio Chile\",\"item\":\"https:\/\/avioperu.com\/avio-chile\/\"},{\"@type\":\"ListItem\",\"position\":3,\"name\":\"Contacto\"}]},{\"@type\":\"WebSite\",\"@id\":\"https:\/\/avioperu.com\/#website\",\"url\":\"https:\/\/avioperu.com\/\",\"name\":\"Avio Per\u00fa\",\"description\":\"Corporaci\u00f3n peruana al servicio de la industria aeron\u00e1utica. Expertos en mantenimiento aeron\u00e1utico, gesti\u00f3n DMA y talleres especializados.\",\"publisher\":{\"@id\":\"https:\/\/avioperu.com\/#organization\"},\"potentialAction\":[{\"@type\":\"SearchAction\",\"target\":{\"@type\":\"EntryPoint\",\"urlTemplate\":\"https:\/\/avioperu.com\/?s={search_term_string}\"},\"query-input\":\"required name=search_term_string\"}],\"inLanguage\":\"en-US\"},{\"@type\":\"Organization\",\"@id\":\"https:\/\/avioperu.com\/#organization\",\"name\":\"Avio Per\u00fa\",\"url\":\"https:\/\/avioperu.com\/\",\"logo\":{\"@type\":\"ImageObject\",\"inLanguage\":\"en-US\",\"@id\":\"https:\/\/avioperu.com\/#\/schema\/logo\/image\/\",\"url\":\"https:\/\/avioperu.com\/wp-content\/uploads\/2025\/04\/Avio-Peru.png\",\"contentUrl\":\"https:\/\/avioperu.com\/wp-content\/uploads\/2025\/04\/Avio-Peru.png\",\"width\":1020,\"height\":365,\"caption\":\"Avio Per\u00fa\"},\"image\":{\"@id\":\"https:\/\/avioperu.com\/#\/schema\/logo\/image\/\"},\"sameAs\":[\"https:\/\/www.linkedin.com\/company\/avio-s-a\/?originalSubdomain=pe\"]}]}<\/script>\n<!-- \/ Yoast SEO Premium plugin. -->","yoast_head_json":{"title":"Contacto - Avio Per\u00fa","robots":{"index":"noindex","follow":"nofollow"},"og_locale":"en_US","og_type":"article","og_title":"Contacto","og_description":"Cont\u00e1ctanos Tu confianza despega aqu\u00ed Escr\u00edbenos Completa el formulario para recibir toda la informaci\u00f3n que necesites. Comun\u00edcate con nosotros contacto@avioperu.com \u00a1Estamos para ayudarte! Env\u00edanos un Mensaje Ingresa tu datos y nos pondremos en contacto en breve con toda la informaci\u00f3n que requieras.","og_url":"https:\/\/avioperu.com\/en\/avio-chile\/contacto\/","og_site_name":"Avio Per\u00fa","article_modified_time":"2025-05-02T07:26:14+00:00","twitter_card":"summary_large_image","twitter_misc":{"Est. reading time":"1 minute"},"schema":{"@context":"https:\/\/schema.org","@graph":[{"@type":"WebPage","@id":"https:\/\/avioperu.com\/avio-chile\/contacto\/","url":"https:\/\/avioperu.com\/avio-chile\/contacto\/","name":"Contacto - Avio Per\u00fa","isPartOf":{"@id":"https:\/\/avioperu.com\/#website"},"datePublished":"2025-04-25T21:13:48+00:00","dateModified":"2025-05-02T07:26:14+00:00","breadcrumb":{"@id":"https:\/\/avioperu.com\/avio-chile\/contacto\/#breadcrumb"},"inLanguage":"en-US","potentialAction":[{"@type":"ReadAction","target":["https:\/\/avioperu.com\/avio-chile\/contacto\/"]}]},{"@type":"BreadcrumbList","@id":"https:\/\/avioperu.com\/avio-chile\/contacto\/#breadcrumb","itemListElement":[{"@type":"ListItem","position":1,"name":"Portada","item":"https:\/\/avioperu.com\/"},{"@type":"ListItem","position":2,"name":"Avio Chile","item":"https:\/\/avioperu.com\/avio-chile\/"},{"@type":"ListItem","position":3,"name":"Contacto"}]},{"@type":"WebSite","@id":"https:\/\/avioperu.com\/#website","url":"https:\/\/avioperu.com\/","name":"Avio Per\u00fa","description":"Corporaci\u00f3n peruana al servicio de la industria aeron\u00e1utica. Expertos en mantenimiento aeron\u00e1utico, gesti\u00f3n DMA y talleres especializados.","publisher":{"@id":"https:\/\/avioperu.com\/#organization"},"potentialAction":[{"@type":"SearchAction","target":{"@type":"EntryPoint","urlTemplate":"https:\/\/avioperu.com\/?s={search_term_string}"},"query-input":"required name=search_term_string"}],"inLanguage":"en-US"},{"@type":"Organization","@id":"https:\/\/avioperu.com\/#organization","name":"Avio Per\u00fa","url":"https:\/\/avioperu.com\/","logo":{"@type":"ImageObject","inLanguage":"en-US","@id":"https:\/\/avioperu.com\/#\/schema\/logo\/image\/","url":"https:\/\/avioperu.com\/wp-content\/uploads\/2025\/04\/Avio-Peru.png","contentUrl":"https:\/\/avioperu.com\/wp-content\/uploads\/2025\/04\/Avio-Peru.png","width":1020,"height":365,"caption":"Avio Per\u00fa"},"image":{"@id":"https:\/\/avioperu.com\/#\/schema\/logo\/image\/"},"sameAs":["https:\/\/www.linkedin.com\/company\/avio-s-a\/?originalSubdomain=pe"]}]}},"_links":{"self":[{"href":"https:\/\/avioperu.com\/en\/wp-json\/wp\/v2\/pages\/45","targetHints":{"allow":["GET"]}}],"collection":[{"href":"https:\/\/avioperu.com\/en\/wp-json\/wp\/v2\/pages"}],"about":[{"href":"https:\/\/avioperu.com\/en\/wp-json\/wp\/v2\/types\/page"}],"author":[{"embeddable":true,"href":"https:\/\/avioperu.com\/en\/wp-json\/wp\/v2\/users\/1"}],"replies":[{"embeddable":true,"href":"https:\/\/avioperu.com\/en\/wp-json\/wp\/v2\/comments?post=45"}],"version-history":[{"count":10,"href":"https:\/\/avioperu.com\/en\/wp-json\/wp\/v2\/pages\/45\/revisions"}],"predecessor-version":[{"id":2334,"href":"https:\/\/avioperu.com\/en\/wp-json\/wp\/v2\/pages\/45\/revisions\/2334"}],"up":[{"embeddable":true,"href":"https:\/\/avioperu.com\/en\/wp-json\/wp\/v2\/pages\/31"}],"wp:attachment":[{"href":"https:\/\/avioperu.com\/en\/wp-json\/wp\/v2\/media?parent=45"}],"curies":[{"name":"wp","href":"https:\/\/api.w.org\/{rel}","templated":true}]}}